{"id":1199,"date":"2017-08-05T20:51:07","date_gmt":"2017-08-05T18:51:07","guid":{"rendered":"http:\/\/christus-gemeinde-minden.de\/cgm\/?page_id=1199"},"modified":"2017-08-07T07:06:37","modified_gmt":"2017-08-07T05:06:37","slug":"life-groups","status":"publish","type":"page","link":"https:\/\/christus-gemeinde-minden.de\/cgm\/life-groups\/","title":{"rendered":"Life Groups"},"content":{"rendered":"<p>Was ist bitte eine Life Group?<\/p>\n<p>Life Groups sind bei uns verschiedenste Aktivit\u00e4ten meistens in Kleingruppen, die eines gemeinsam haben, sie bringen uns zusammen in unserem Leben als Christen.<\/p>\n<p>So gibt es Veranstaltungen, wo wir einfach Gemeinschaft haben, Essen und Freundschaften pflegen genau so wie Seminare \u00fcber biblische Themen. Auch k\u00f6nnen es gemeinsame Aktivit\u00e4ten, wie zusammen zu kochen, N\u00e4hkurse, Handwerken, Wandern, Sport und fast alles andere auch sein.<\/p>\n<p>Life Groups sind meist zeitlich begrenzt, k\u00f6nnen sich wiederholen oder auch dauerhaft laufen.<\/p>\n<p>Wir gestalten sie einfach so, wie sie uns am besten ins Leben passen.<\/p>\n","protected":false},"excerpt":{"rendered":"<p>Was ist bitte eine Life <a class=\"more-link\" href=\"https:\/\/christus-gemeinde-minden.de\/cgm\/life-groups\/\">weiterlesen&#8230;<\/a><\/p>\n","protected":false},"author":2,"featured_media":0,"parent":0,"menu_order":0,"comment_status":"closed","ping_status":"closed","template":"","meta":{"footnotes":""},"class_list":["post-1199","page","type-page","status-publish","hentry"],"_links":{"self":[{"href":"https:\/\/christus-gemeinde-minden.de\/cgm\/wp-json\/wp\/v2\/pages\/1199","targetHints":{"allow":["GET"]}}],"collection":[{"href":"https:\/\/christus-gemeinde-minden.de\/cgm\/wp-json\/wp\/v2\/pages"}],"about":[{"href":"https:\/\/christus-gemeinde-minden.de\/cgm\/wp-json\/wp\/v2\/types\/page"}],"author":[{"embeddable":true,"href":"https:\/\/christus-gemeinde-minden.de\/cgm\/wp-json\/wp\/v2\/users\/2"}],"replies":[{"embeddable":true,"href":"https:\/\/christus-gemeinde-minden.de\/cgm\/wp-json\/wp\/v2\/comments?post=1199"}],"version-history":[{"count":2,"href":"https:\/\/christus-gemeinde-minden.de\/cgm\/wp-json\/wp\/v2\/pages\/1199\/revisions"}],"predecessor-version":[{"id":1216,"href":"https:\/\/christus-gemeinde-minden.de\/cgm\/wp-json\/wp\/v2\/pages\/1199\/revisions\/1216"}],"wp:attachment":[{"href":"https:\/\/christus-gemeinde-minden.de\/cgm\/wp-json\/wp\/v2\/media?parent=1199"}],"curies":[{"name":"wp","href":"https:\/\/api.w.org\/{rel}","templated":true}]}}