{"id":149,"date":"2016-09-21T18:51:00","date_gmt":"2016-09-21T16:51:00","guid":{"rendered":"http:\/\/christus-gemeinde-minden.de\/cgm\/?page_id=149"},"modified":"2025-05-10T07:27:41","modified_gmt":"2025-05-10T05:27:41","slug":"wer-wir-sind","status":"publish","type":"page","link":"https:\/\/christus-gemeinde-minden.de\/cgm\/wer-wir-sind\/","title":{"rendered":"Wer wir sind"},"content":{"rendered":"<p><img loading=\"lazy\" decoding=\"async\" class=\"alignright wp-image-3235\" src=\"https:\/\/christus-gemeinde-minden.de\/cgm\/wp-content\/uploads\/2019\/09\/gd3.jpg\" alt=\"\" width=\"500\" height=\"262\" data-wp-editing=\"1\" srcset=\"https:\/\/christus-gemeinde-minden.de\/cgm\/wp-content\/uploads\/2019\/09\/gd3.jpg 600w, https:\/\/christus-gemeinde-minden.de\/cgm\/wp-content\/uploads\/2019\/09\/gd3-300x157.jpg 300w\" sizes=\"auto, (max-width: 500px) 100vw, 500px\" \/><\/p>\n<p>Die <strong>Christus-Gemeinde e.V.<\/strong> ist eine evangelische Freikirche. Als Freikirche sind wir rechtlich unabh\u00e4ngig vom Staat und von landeskirchlichen Institutionen und als gemeinn\u00fctziger Verein beim zust\u00e4ndigen Amtsgericht registriert. Wir erhalten deshalb keine Kirchensteuern, sondern finanzieren uns ausschlie\u00dflich aus freiwilligen Spenden. Der Haushalt wird in den Mitgliederversammlungen offen gelegt und wie bei allen gemeinn\u00fctzigen Vereinen, regelm\u00e4\u00dfig vom Finanzamt gepr\u00fcft. F\u00fcr Spenden k\u00f6nnen steuerlich abzugsf\u00e4hige Spendenbescheinigungen ausgestellt werden.<\/p>\n<p>Wir sehen uns\u00a0 als Teil der weltweiten Gemeinde Jesu aus allen Kirchen und Gemeinden, die das Evangelium von Jesus Christus verk\u00fcnden. Unsere Glaubenslehre entspricht dem evangelischen Glaubensbekenntnis und gr\u00fcndet sich allein auf die Bibel.<\/p>\n<p>Als charismatische Freikirche, was vom griechischen Wort \u201eCharisma\u201c kommt und die Gaben und Hilfestellungen des Heiligen Geistes meint, geben wir diesen bewusst Raum im Gemeindeleben und f\u00fchlen uns der pfingstlich-charismatischen Bewegung verbunden. Wir sind als Gemeinde MItglied des<a href=\"http:\/\/bfp.de\" target=\"_blank\" rel=\"noopener noreferrer\"> Bundes Freikirchlicher Pfingstgemeinden Kd\u00f6R<\/a>  eingebunden.<\/p>\n<p>Unser ausdr\u00fccklicher Wunsch ist es, mit m\u00f6glichst allen christlichen Kirchen, Konfessionen und Gemeinden eine freundschaftliche Beziehung zu f\u00fchren und durch gegenseitige Wertsch\u00e4tzung verbunden zu sein. Deshalb arbeiten wir bei verschiedenen Anl\u00e4ssen gerne mit anderen Kirchen und Gemeinden zusammen.<\/p>\n<p>Jeder, ob Mitglied oder Gast, ist in unseren Veranstaltungen willkommen. Mitglied kann jeder werden, der eine bewusste Hinwendung zu Gott vollzogen hat und sich als gl\u00e4ubiger Christ hat taufen lassen. Als Gemeinde pflegen wir einen famili\u00e4ren Umgang miteinander. Dabei ist es uns sehr wichtig, dass sich jeder, unabh\u00e4ngig von seiner Kultur, Herkunft oder Hautfarbe zu Hause f\u00fchlt und sich in der Gemeinde einbringen kann.<\/p>\n","protected":false},"excerpt":{"rendered":"<p>Die Christus-Gemeinde e.V. ist eine <a class=\"more-link\" href=\"https:\/\/christus-gemeinde-minden.de\/cgm\/wer-wir-sind\/\">weiterlesen&#8230;<\/a><\/p>\n","protected":false},"author":1,"featured_media":0,"parent":0,"menu_order":0,"comment_status":"closed","ping_status":"closed","template":"","meta":{"footnotes":""},"class_list":["post-149","page","type-page","status-publish","hentry"],"_links":{"self":[{"href":"https:\/\/christus-gemeinde-minden.de\/cgm\/wp-json\/wp\/v2\/pages\/149","targetHints":{"allow":["GET"]}}],"collection":[{"href":"https:\/\/christus-gemeinde-minden.de\/cgm\/wp-json\/wp\/v2\/pages"}],"about":[{"href":"https:\/\/christus-gemeinde-minden.de\/cgm\/wp-json\/wp\/v2\/types\/page"}],"author":[{"embeddable":true,"href":"https:\/\/christus-gemeinde-minden.de\/cgm\/wp-json\/wp\/v2\/users\/1"}],"replies":[{"embeddable":true,"href":"https:\/\/christus-gemeinde-minden.de\/cgm\/wp-json\/wp\/v2\/comments?post=149"}],"version-history":[{"count":18,"href":"https:\/\/christus-gemeinde-minden.de\/cgm\/wp-json\/wp\/v2\/pages\/149\/revisions"}],"predecessor-version":[{"id":4410,"href":"https:\/\/christus-gemeinde-minden.de\/cgm\/wp-json\/wp\/v2\/pages\/149\/revisions\/4410"}],"wp:attachment":[{"href":"https:\/\/christus-gemeinde-minden.de\/cgm\/wp-json\/wp\/v2\/media?parent=149"}],"curies":[{"name":"wp","href":"https:\/\/api.w.org\/{rel}","templated":true}]}}