{"id":1622,"date":"2018-01-23T13:52:34","date_gmt":"2018-01-23T12:52:34","guid":{"rendered":"http:\/\/christus-gemeinde-minden.de\/cgm\/?page_id=1622"},"modified":"2021-07-16T05:16:34","modified_gmt":"2021-07-16T03:16:34","slug":"spenden","status":"publish","type":"page","link":"https:\/\/christus-gemeinde-minden.de\/cgm\/spenden\/","title":{"rendered":"Spenden"},"content":{"rendered":"<p>Unsere Gemeinde lebt ausschlie\u00dflich von freiwilligen Spenden.<br \/>\nWir sind dankbar f\u00fcr jeden, der sich mit seinen Kr\u00e4ften und seiner Person bei uns einbringt.<br \/>\nGenauso dankbar m\u00fcssen wir aber auch f\u00fcr alle unsere Geber sein, die die Gemeinde finanziell mittragen!<\/p>\n<p>Du willst die Christus-Gemeinde unterst\u00fctzen?<br \/>\nDann bieten sich mehrere Wege, dies zu tun.<\/p>\n\n<table id=\"tablepress-1\" class=\"tablepress tablepress-id-1\">\n<thead>\n<tr class=\"row-1\">\n\t<th class=\"column-1\">PER \u00dcBERWEISUNG<\/th><th class=\"column-2\">MIT PAYPAL<\/th>\n<\/tr>\n<\/thead>\n<tbody class=\"row-striping\">\n<tr class=\"row-2\">\n\t<td class=\"column-1\">Gemeindekonto:<br \/>\nChristus-Gemeinde e.V.<br \/>\nVolksbank in Schaumburg und Nienburg e.G.<br \/>\nIBAN: DE71 2559 1413 0075 4935 00<br \/>\nBIC: GENODEF1BCK<br \/>\n<br \/>\nZur Unterst\u00fctzung des Baus eines neuen Gemeindezentrums:<br \/>\n<br \/>\nBaukonto:<br \/>\nChristus-Gemeinde e.V.<br \/>\nIBAN: DE44 2559 1413 0075 4935 01<br \/>\nBIC: GENODEF1BCK<br \/>\n<br \/>\nF\u00fcr eine Spendenbescheinigung die Anschrift auf dem \u00dcberweisungstr\u00e4ger eintragen.<\/td><td class=\"column-2\">Eine einfache, schnelle und f\u00fcr Spender kostenlose M\u00f6glichkeit der Unterst\u00fctzung bietet PayPal.<br \/>\n<br \/>\nHierzu den SPENDEN-Button nutzen: <form action=\"https:\/\/www.paypal.com\/cgi-bin\/webscr\" method=\"post\" target=\"_blanc\"><br \/>\n<input type=\"hidden\" name=\"cmd\" value=\"_s-xclick\"><br \/>\n<input type=\"hidden\" name=\"hosted_button_id\" value=\"R4HQYECEZKTHC\"><br \/>\n<input type=\"image\" src=\"https:\/\/www.paypalobjects.com\/de_DE\/DE\/i\/btn\/btn_donateCC_LG.gif\" border=\"0\" name=\"submit\" alt=\"Jetzt einfach, schnell und sicher online bezahlen \u2013 mit PayPal.\"><br \/>\n<img loading=\"lazy\" decoding=\"async\" alt=\"\" border=\"0\" src=\"https:\/\/www.paypalobjects.com\/de_DE\/i\/scr\/pixel.gif\" width=\"1\" height=\"1\"><br \/>\n<\/form> F\u00fcr eine Spendenbescheinigung ben\u00f6tigen wir die Anschrift per PayPal oder Email.<\/td>\n<\/tr>\n<\/tbody>\n<\/table>\n<!-- #tablepress-1 from cache -->\n<p>Die Christus-Gemeinde e.V. ist aufgrund des Feststellungsbescheides nach \u00a7 60a Abs. 1 AO des Finanzamtes Stadthagen vom 15.09.2020 wegen ausschlie\u00dflicher und unmittelbarer F\u00f6rderung steuerbeg\u00fcnstigter kirchlicher, mildt\u00e4tiger und gemeinn\u00fctziger Zwecke im Sinne der \u00a7\u00a7 51 ff. der Abgabenordnung anerkannt und berechtigt, Spendenbescheinigungen f\u00fcr steuerliche Zwecke auszustellen.<\/p>\n","protected":false},"excerpt":{"rendered":"<p>Unsere Gemeinde lebt ausschlie\u00dflich von <a class=\"more-link\" href=\"https:\/\/christus-gemeinde-minden.de\/cgm\/spenden\/\">weiterlesen&#8230;<\/a><\/p>\n","protected":false},"author":1,"featured_media":0,"parent":0,"menu_order":0,"comment_status":"closed","ping_status":"closed","template":"","meta":{"footnotes":""},"class_list":["post-1622","page","type-page","status-publish","hentry"],"_links":{"self":[{"href":"https:\/\/christus-gemeinde-minden.de\/cgm\/wp-json\/wp\/v2\/pages\/1622","targetHints":{"allow":["GET"]}}],"collection":[{"href":"https:\/\/christus-gemeinde-minden.de\/cgm\/wp-json\/wp\/v2\/pages"}],"about":[{"href":"https:\/\/christus-gemeinde-minden.de\/cgm\/wp-json\/wp\/v2\/types\/page"}],"author":[{"embeddable":true,"href":"https:\/\/christus-gemeinde-minden.de\/cgm\/wp-json\/wp\/v2\/users\/1"}],"replies":[{"embeddable":true,"href":"https:\/\/christus-gemeinde-minden.de\/cgm\/wp-json\/wp\/v2\/comments?post=1622"}],"version-history":[{"count":17,"href":"https:\/\/christus-gemeinde-minden.de\/cgm\/wp-json\/wp\/v2\/pages\/1622\/revisions"}],"predecessor-version":[{"id":4415,"href":"https:\/\/christus-gemeinde-minden.de\/cgm\/wp-json\/wp\/v2\/pages\/1622\/revisions\/4415"}],"wp:attachment":[{"href":"https:\/\/christus-gemeinde-minden.de\/cgm\/wp-json\/wp\/v2\/media?parent=1622"}],"curies":[{"name":"wp","href":"https:\/\/api.w.org\/{rel}","templated":true}]}}