{"id":167,"date":"2016-09-21T18:53:53","date_gmt":"2016-09-21T16:53:53","guid":{"rendered":"http:\/\/christus-gemeinde-minden.de\/cgm\/?page_id=167"},"modified":"2016-09-21T18:53:53","modified_gmt":"2016-09-21T16:53:53","slug":"was-wir-glauben","status":"publish","type":"page","link":"https:\/\/christus-gemeinde-minden.de\/cgm\/was-wir-glauben\/","title":{"rendered":"Was wir glauben"},"content":{"rendered":"<h5 style=\"font-family: Arial,sans-serif;\">Wir glauben an<\/h5>\n<ul>\n<li><span style=\"font-family: Arial,sans-serif;\"><b>den dreieinigen Gott:<\/b><\/span>\n<ul>\n<li><span style=\"font-family: Arial,sans-serif;\"><b>Gott,den Vater<\/b>, der die Menschen so geliebt hat, dass er seinen Sohn zur Errettung der Menschheit gegeben hat. (Joh, 3,16)<\/span><\/li>\n<li><span style=\"font-family: Arial,sans-serif;\"><b>Jesus Christus<\/b>, der stellvertretend unsere Schuld am Kreuz auf sich genommen hat, auferstanden ist und wiederkommen wird, den Erretteten zu ewigem\u00a0 Leben in Herrlichkeit und den Verlorenen zu ewigem Gericht. (R\u00f6mer 3,24 , Titus 2,11-14)<\/span><\/li>\n<li><span style=\"font-family: Arial,sans-serif;\"><b>\u00a0Den Heiligen Geist<\/b>, der aufgrund der Erl\u00f6sung Jesu Christi durch die Wiedergeburt neues Leben in uns schafft und uns zu einem Gott wohlgef\u00e4lligen Leben mit Kraft bef\u00e4higt.\n<p><\/span><\/li>\n<\/ul>\n<\/li>\n<li><span style=\"font-family: Arial,sans-serif;\"><b>Die Bibel: <\/b><strong>Wir glauben\u00a0<\/strong>an die Kraft und die Inspiration der Heiligen Schrift, der Bibel, die Leitfaden f\u00fcr alle Belange unseres Lebens ist.\n<p><\/span><\/li>\n<li><span style=\"font-family: Arial,sans-serif;\"><b> Erl\u00f6sung:<\/b> Wir glauben, dass der Mensch durch den S\u00fcndenfall von Gott getrennt und somit erl\u00f6sungsbed\u00fcrftig ist. Die Erl\u00f6sung durch das Blut Christi ist dabei das einzige Mittel zur Erlangung des pers\u00f6nlichen Heils. Dieses als Bekehrung und Wiedergeburt bekannte Erlebnis ist ein Werk des Heiligen Geistes und erfolgt aufgrund von Bu\u00dfe und Glauben an den Herrn Jesus.\n<p><\/span><\/li>\n<li><span style=\"font-family: Arial,sans-serif;\"><b>Gemeinde:<\/b> Wir glauben, dass die Gemeinde die von Gott herausgerufene Gemeinschaft der von S\u00fcnde erl\u00f6sten Menschen ist, durch die er der Welt sein Heil verk\u00fcnden l\u00e4sst.. Wir glauben, dass zur Gemeinde Jesu alle durch Gottes Geist wiedergeborenen Menschen geh\u00f6ren unabh\u00e4ngig ihrer kirchlichen Zugeh\u00f6rigkeit.\n<p><\/span><\/li>\n<li><span style=\"font-family: Arial,sans-serif;\"><b>Taufe:<\/b> Wir glauben, dass die Taufe aufgrund des pers\u00f6nlichen Bekenntnisses durch Untertauchen im Namen des Vaters, des Sohnes und des Heiligen Geistes an allen vollzogen werden soll, die echte Bu\u00dfe getan haben und von ganzem Herzen an Christus als ihren Heiland und Herrn glauben.\n<p><\/span><\/li>\n<li><span style=\"font-family: Arial,sans-serif;\"><b>Geistestaufe:<\/b> Wir glauben, dass Jesus jeden Gl\u00e4ubigen mit Heiligem Geist taufen m\u00f6chte, um ihn zum Dienst zu bef\u00e4higen.\n<p><\/span><\/li>\n<li><span style=\"font-family: Arial,sans-serif;\"><b>Wiederkunft Jesu:<\/b> Wir glauben, dass Jesus in Kraft und Herrlichkeit wiederkommen wird, den Erretteten zu ewiger Herrlichkeit und den Verlorenen zu ewigem Gericht.<\/span><\/li>\n<\/ul>\n","protected":false},"excerpt":{"rendered":"<p>Wir glauben an den dreieinigen <a class=\"more-link\" href=\"https:\/\/christus-gemeinde-minden.de\/cgm\/was-wir-glauben\/\">weiterlesen&#8230;<\/a><\/p>\n","protected":false},"author":1,"featured_media":0,"parent":0,"menu_order":0,"comment_status":"closed","ping_status":"closed","template":"","meta":{"footnotes":""},"class_list":["post-167","page","type-page","status-publish","hentry"],"_links":{"self":[{"href":"https:\/\/christus-gemeinde-minden.de\/cgm\/wp-json\/wp\/v2\/pages\/167","targetHints":{"allow":["GET"]}}],"collection":[{"href":"https:\/\/christus-gemeinde-minden.de\/cgm\/wp-json\/wp\/v2\/pages"}],"about":[{"href":"https:\/\/christus-gemeinde-minden.de\/cgm\/wp-json\/wp\/v2\/types\/page"}],"author":[{"embeddable":true,"href":"https:\/\/christus-gemeinde-minden.de\/cgm\/wp-json\/wp\/v2\/users\/1"}],"replies":[{"embeddable":true,"href":"https:\/\/christus-gemeinde-minden.de\/cgm\/wp-json\/wp\/v2\/comments?post=167"}],"version-history":[{"count":2,"href":"https:\/\/christus-gemeinde-minden.de\/cgm\/wp-json\/wp\/v2\/pages\/167\/revisions"}],"predecessor-version":[{"id":169,"href":"https:\/\/christus-gemeinde-minden.de\/cgm\/wp-json\/wp\/v2\/pages\/167\/revisions\/169"}],"wp:attachment":[{"href":"https:\/\/christus-gemeinde-minden.de\/cgm\/wp-json\/wp\/v2\/media?parent=167"}],"curies":[{"name":"wp","href":"https:\/\/api.w.org\/{rel}","templated":true}]}}