{"id":3490,"date":"2020-03-13T09:00:00","date_gmt":"2020-03-13T08:00:00","guid":{"rendered":"https:\/\/christus-gemeinde-minden.de\/cgm\/?page_id=3490"},"modified":"2020-12-26T16:08:15","modified_gmt":"2020-12-26T15:08:15","slug":"live","status":"publish","type":"page","link":"https:\/\/christus-gemeinde-minden.de\/cgm\/live\/","title":{"rendered":"Die Predigt on YouTube"},"content":{"rendered":"\n<p class=\"has-text-align-center\" style=\"font-size:18px\">Die aktuellen Videos zu unseren Predigten findet ihr  auf  unserem <br><a href=\"https:\/\/www.youtube.com\/channel\/UCeIaRV8d2wt8toWvaTfpyXg\/videos\" target=\"_blank\" rel=\"noreferrer noopener\"><strong>YouTube-Kanal<\/strong><\/a><\/p>\n\n\n\n<p>Die neueste Aufnahme gibt es auch direkt hier:<\/p>\n\n\n<figure class=\"wp-block-embed wp-block-embed-youtube is-type-video is-provider-youtube epyt-figure\"><div class=\"wp-block-embed__wrapper\"><iframe loading=\"lazy\"  id=\"_ytid_75121\"  width=\"540\" height=\"304\"  data-origwidth=\"540\" data-origheight=\"304\" src=\"https:\/\/www.youtube.com\/embed\/?enablejsapi=1&#038;listType=playlist&#038;list=UUeIaRV8d2wt8toWvaTfpyXg&#038;autoplay=0&#038;cc_load_policy=0&#038;cc_lang_pref=&#038;iv_load_policy=1&#038;loop=0&#038;modestbranding=0&#038;rel=0&#038;fs=1&#038;playsinline=0&#038;autohide=2&#038;theme=dark&#038;color=red&#038;controls=1&#038;index=0&#038;\" class=\"__youtube_prefs__  no-lazyload\" title=\"YouTube player\"  allow=\"fullscreen; accelerometer; autoplay; clipboard-write; encrypted-media; gyroscope; picture-in-picture\" allowfullscreen data-no-lazy=\"1\" data-skipgform_ajax_framebjll=\"\"><\/iframe><\/div><\/figure>\n\n\n<p><\/p>\n\n\n\n<p><br>Spenden sind m\u00f6glich:<\/p>\n\n\n\n<table id=\"tablepress-1\" class=\"tablepress tablepress-id-1\">\n<thead>\n<tr class=\"row-1\">\n\t<th class=\"column-1\">PER \u00dcBERWEISUNG<\/th><th class=\"column-2\">MIT PAYPAL<\/th>\n<\/tr>\n<\/thead>\n<tbody class=\"row-striping\">\n<tr class=\"row-2\">\n\t<td class=\"column-1\">Gemeindekonto:<br \/>\nChristus-Gemeinde e.V.<br \/>\nVolksbank in Schaumburg und Nienburg e.G.<br \/>\nIBAN: DE71 2559 1413 0075 4935 00<br \/>\nBIC: GENODEF1BCK<br \/>\n<br \/>\nZur Unterst\u00fctzung des Baus eines neuen Gemeindezentrums:<br \/>\n<br \/>\nBaukonto:<br \/>\nChristus-Gemeinde e.V.<br \/>\nIBAN: DE44 2559 1413 0075 4935 01<br \/>\nBIC: GENODEF1BCK<br \/>\n<br \/>\nF\u00fcr eine Spendenbescheinigung die Anschrift auf dem \u00dcberweisungstr\u00e4ger eintragen.<\/td><td class=\"column-2\">Eine einfache, schnelle und f\u00fcr Spender kostenlose M\u00f6glichkeit der Unterst\u00fctzung bietet PayPal.<br \/>\n<br \/>\nHierzu den SPENDEN-Button nutzen: <form action=\"https:\/\/www.paypal.com\/cgi-bin\/webscr\" method=\"post\" target=\"_blanc\"><br \/>\n<input type=\"hidden\" name=\"cmd\" value=\"_s-xclick\"><br \/>\n<input type=\"hidden\" name=\"hosted_button_id\" value=\"R4HQYECEZKTHC\"><br \/>\n<input type=\"image\" src=\"https:\/\/www.paypalobjects.com\/de_DE\/DE\/i\/btn\/btn_donateCC_LG.gif\" border=\"0\" name=\"submit\" alt=\"Jetzt einfach, schnell und sicher online bezahlen \u2013 mit PayPal.\"><br \/>\n<img loading=\"lazy\" decoding=\"async\" alt=\"\" border=\"0\" src=\"https:\/\/www.paypalobjects.com\/de_DE\/i\/scr\/pixel.gif\" width=\"1\" height=\"1\"><br \/>\n<\/form> F\u00fcr eine Spendenbescheinigung ben\u00f6tigen wir die Anschrift per PayPal oder Email.<\/td>\n<\/tr>\n<\/tbody>\n<\/table>\n<!-- #tablepress-1 from cache -->\n","protected":false},"excerpt":{"rendered":"<p>Die aktuellen Videos zu unseren <a class=\"more-link\" href=\"https:\/\/christus-gemeinde-minden.de\/cgm\/live\/\">weiterlesen&#8230;<\/a><\/p>\n","protected":false},"author":1,"featured_media":0,"parent":0,"menu_order":0,"comment_status":"closed","ping_status":"closed","template":"","meta":{"footnotes":""},"class_list":["post-3490","page","type-page","status-publish","hentry"],"_links":{"self":[{"href":"https:\/\/christus-gemeinde-minden.de\/cgm\/wp-json\/wp\/v2\/pages\/3490","targetHints":{"allow":["GET"]}}],"collection":[{"href":"https:\/\/christus-gemeinde-minden.de\/cgm\/wp-json\/wp\/v2\/pages"}],"about":[{"href":"https:\/\/christus-gemeinde-minden.de\/cgm\/wp-json\/wp\/v2\/types\/page"}],"author":[{"embeddable":true,"href":"https:\/\/christus-gemeinde-minden.de\/cgm\/wp-json\/wp\/v2\/users\/1"}],"replies":[{"embeddable":true,"href":"https:\/\/christus-gemeinde-minden.de\/cgm\/wp-json\/wp\/v2\/comments?post=3490"}],"version-history":[{"count":42,"href":"https:\/\/christus-gemeinde-minden.de\/cgm\/wp-json\/wp\/v2\/pages\/3490\/revisions"}],"predecessor-version":[{"id":4238,"href":"https:\/\/christus-gemeinde-minden.de\/cgm\/wp-json\/wp\/v2\/pages\/3490\/revisions\/4238"}],"wp:attachment":[{"href":"https:\/\/christus-gemeinde-minden.de\/cgm\/wp-json\/wp\/v2\/media?parent=3490"}],"curies":[{"name":"wp","href":"https:\/\/api.w.org\/{rel}","templated":true}]}}