{"id":4,"date":"2016-02-02T19:48:19","date_gmt":"2016-02-02T18:48:19","guid":{"rendered":"http:\/\/christus-gemeinde-minden.de\/cgm\/?page_id=4"},"modified":"2021-12-25T18:33:41","modified_gmt":"2021-12-25T17:33:41","slug":"home","status":"publish","type":"page","link":"https:\/\/christus-gemeinde-minden.de\/cgm\/","title":{"rendered":"Home"},"content":{"rendered":"<h3>\u00a0<\/h3>\n<h3 style=\"text-align: center;\"><span style=\"font-family: Arial;\">Herzlich willkommen<\/span><span style=\"font-family: Arial;\"><br \/>auf unserer Homepage<\/span>!<\/h3>\n<p><span style=\"font-family: Arial;\"><span style=\"font-family: Arial;\">Die Christus-Gemeinde Minden ist eine evangelische Freikirche im <a href=\"http:\/\/bfp.de\" target=\"_blank\" rel=\"noopener noreferrer\">Bund Freikirchlicher Pfingstgemeinden Kd\u00f6R<\/a>, in der sich Menschen jeden Alters, unterschiedlichster Herkunft und aus vielen Nationalit\u00e4ten begegnen. Die zeitgem\u00e4\u00dfen Gottesdienste bieten neben Lobpreis, Inspiration f\u00fcr den Lebensalltag und geistlicher Ermutigung die M\u00f6glichkeit, im pers\u00f6nlichen Rahmen Kontakte zu schlie\u00dfen und Freunde zu finden. Dies versuchen wir auch f\u00fcr unsere Kinder in den Kindergruppen umzusetzen.<\/span><\/span><\/p>\n<p><span style=\"font-family: Arial;\">Als Christen wollen wir, dass m\u00f6glichst viele Menschen eine lebendige Beziehung zu Jesus Christus, dem Sohn Gottes, bekommen. Wir sehen uns als einen Teil der weltweiten Gemeinde Jesu aus allen Kirchen und Gemeinden, die das Evangelium von Jesus Christus verk\u00fcnden. Unsere Glaubenslehre entspricht dem evangelischen Glaubensbekenntnis und gr\u00fcndet sich allein auf die Bibel. <\/span><\/p>\n<p><span style=\"font-family: Arial, sans-serif;\">Wir laden deshalb ganz herzlich ein und w\u00fcrden uns \u00fcber einen Besuch nicht nur hier im &#8222;WWW&#8220;, sondern auch in unseren Gemeinder\u00e4umen in der Kutenhauser Str. 34, sehr freuen.<\/span><\/p>\n<p>_______________________________________<\/p>\n<p><span style=\"font-family: Arial, sans-serif;\"><a href=\"https:\/\/www.facebook.com\/christusgemeindeminden\" target=\"_blank\" rel=\"noopener noreferrer\"><u>Besuche uns auch bei:<\/u><\/a><\/span><\/p>\n<p><a href=\"https:\/\/www.facebook.com\/christusgemeindeminden\/\"><img loading=\"lazy\" decoding=\"async\" class=\"size-full wp-image-569 alignleft\" src=\"https:\/\/christus-gemeinde-minden.de\/cgm\/wp-content\/uploads\/2017\/02\/facebook-e1486580052694.jpg\" alt=\"\" width=\"110\" height=\"32\" \/><\/a><\/p>\n\n\n<p><\/p>\n","protected":false},"excerpt":{"rendered":"<p>\u00a0 Herzlich willkommenauf unserer Homepage! <a class=\"more-link\" href=\"https:\/\/christus-gemeinde-minden.de\/cgm\/\">weiterlesen&#8230;<\/a><\/p>\n","protected":false},"author":1,"featured_media":0,"parent":0,"menu_order":0,"comment_status":"closed","ping_status":"closed","template":"","meta":{"footnotes":""},"class_list":["post-4","page","type-page","status-publish","hentry"],"_links":{"self":[{"href":"https:\/\/christus-gemeinde-minden.de\/cgm\/wp-json\/wp\/v2\/pages\/4","targetHints":{"allow":["GET"]}}],"collection":[{"href":"https:\/\/christus-gemeinde-minden.de\/cgm\/wp-json\/wp\/v2\/pages"}],"about":[{"href":"https:\/\/christus-gemeinde-minden.de\/cgm\/wp-json\/wp\/v2\/types\/page"}],"author":[{"embeddable":true,"href":"https:\/\/christus-gemeinde-minden.de\/cgm\/wp-json\/wp\/v2\/users\/1"}],"replies":[{"embeddable":true,"href":"https:\/\/christus-gemeinde-minden.de\/cgm\/wp-json\/wp\/v2\/comments?post=4"}],"version-history":[{"count":30,"href":"https:\/\/christus-gemeinde-minden.de\/cgm\/wp-json\/wp\/v2\/pages\/4\/revisions"}],"predecessor-version":[{"id":4064,"href":"https:\/\/christus-gemeinde-minden.de\/cgm\/wp-json\/wp\/v2\/pages\/4\/revisions\/4064"}],"wp:attachment":[{"href":"https:\/\/christus-gemeinde-minden.de\/cgm\/wp-json\/wp\/v2\/media?parent=4"}],"curies":[{"name":"wp","href":"https:\/\/api.w.org\/{rel}","templated":true}]}}